{"id":1954,"date":"2021-03-23T08:57:58","date_gmt":"2021-03-23T08:57:58","guid":{"rendered":"http:\/\/artemanuale.de\/?page_id=1954"},"modified":"2021-04-02T06:53:05","modified_gmt":"2021-04-02T06:53:05","slug":"durchblick-2","status":"publish","type":"page","link":"https:\/\/artemanuale.de\/?page_id=1954","title":{"rendered":"Durchblick"},"content":{"rendered":"\n<p>ist immer wichtig. Gestaltung und Orientierung sind dabei wesentlich.<\/p>\n\n\n\n<figure class=\"wp-block-gallery columns-2 is-cropped wp-block-gallery-1 is-layout-flex wp-block-gallery-is-layout-flex\"><ul class=\"blocks-gallery-grid\"><li class=\"blocks-gallery-item\"><figure><a href=\"https:\/\/artemanuale.de\/wp-content\/uploads\/2021\/03\/AA2C0263-7BEF-4E60-B452-DAF2BD92B49B.jpeg\" data-lbwps-width=\"1536\" data-lbwps-height=\"2048\" data-lbwps-srcsmall=\"https:\/\/artemanuale.de\/wp-content\/uploads\/2021\/03\/AA2C0263-7BEF-4E60-B452-DAF2BD92B49B-225x300.jpeg\"><img decoding=\"async\" loading=\"lazy\" width=\"768\" height=\"1024\" src=\"https:\/\/artemanuale.de\/wp-content\/uploads\/2021\/03\/AA2C0263-7BEF-4E60-B452-DAF2BD92B49B-768x1024.jpeg\" alt=\"\" data-id=\"1463\" data-full-url=\"https:\/\/artemanuale.de\/wp-content\/uploads\/2021\/03\/AA2C0263-7BEF-4E60-B452-DAF2BD92B49B.jpeg\" data-link=\"http:\/\/artemanuale.de\/?attachment_id=1463\" class=\"wp-image-1463\" srcset=\"https:\/\/artemanuale.de\/wp-content\/uploads\/2021\/03\/AA2C0263-7BEF-4E60-B452-DAF2BD92B49B-768x1024.jpeg 768w, https:\/\/artemanuale.de\/wp-content\/uploads\/2021\/03\/AA2C0263-7BEF-4E60-B452-DAF2BD92B49B-225x300.jpeg 225w, https:\/\/artemanuale.de\/wp-content\/uploads\/2021\/03\/AA2C0263-7BEF-4E60-B452-DAF2BD92B49B-1152x1536.jpeg 1152w, https:\/\/artemanuale.de\/wp-content\/uploads\/2021\/03\/AA2C0263-7BEF-4E60-B452-DAF2BD92B49B.jpeg 1536w\" sizes=\"(max-width: 767px) 89vw, (max-width: 1000px) 54vw, (max-width: 1071px) 543px, 580px\" \/><\/a><figcaption class=\"blocks-gallery-item__caption\">Fenster mit Ausblick, 1&#215;0,90m*<\/figcaption><\/figure><\/li><li class=\"blocks-gallery-item\"><figure><a href=\"https:\/\/artemanuale.de\/wp-content\/uploads\/2021\/03\/IMG_0073.jpg\" data-lbwps-width=\"3024\" data-lbwps-height=\"4032\" data-lbwps-srcsmall=\"https:\/\/artemanuale.de\/wp-content\/uploads\/2021\/03\/IMG_0073-225x300.jpg\"><img decoding=\"async\" loading=\"lazy\" width=\"768\" height=\"1024\" src=\"https:\/\/artemanuale.de\/wp-content\/uploads\/2021\/03\/IMG_0073-768x1024.jpg\" alt=\"\" data-id=\"1536\" data-full-url=\"https:\/\/artemanuale.de\/wp-content\/uploads\/2021\/03\/IMG_0073-scaled.jpg\" data-link=\"http:\/\/artemanuale.de\/?attachment_id=1536\" class=\"wp-image-1536\" srcset=\"https:\/\/artemanuale.de\/wp-content\/uploads\/2021\/03\/IMG_0073-768x1024.jpg 768w, https:\/\/artemanuale.de\/wp-content\/uploads\/2021\/03\/IMG_0073-225x300.jpg 225w, https:\/\/artemanuale.de\/wp-content\/uploads\/2021\/03\/IMG_0073-1152x1536.jpg 1152w, https:\/\/artemanuale.de\/wp-content\/uploads\/2021\/03\/IMG_0073-1536x2048.jpg 1536w, https:\/\/artemanuale.de\/wp-content\/uploads\/2021\/03\/IMG_0073-scaled.jpg 1920w\" sizes=\"(max-width: 767px) 89vw, (max-width: 1000px) 54vw, (max-width: 1071px) 543px, 580px\" \/><\/a><figcaption class=\"blocks-gallery-item__caption\">Begr\u00fc\u00dfung, 1,40&#215;1,60m*<\/figcaption><\/figure><\/li><\/ul><figcaption class=\"blocks-gallery-caption\"><em>*Preise richten sich nach Gr\u00f6\u00dfe und Motivdichte<\/em>.<\/figcaption><\/figure>\n\n\n\n<div class=\"wp-block-group\"><div class=\"wp-block-group__inner-container is-layout-flow wp-block-group-is-layout-flow\">\n<p>Kinder lernen meist unbewusst und integrieren die Erfahrungen aus ihrer Umgebung in ihr Verst\u00e4ndnis der Welt. Eine p\u00e4dagogisch sinnvolle Wandgestaltung kann sowohl auf die Bed\u00fcrfnisse der Kinder, als auch auf die \u00e4sthetischen Erwartungen der Erwachsenen eingehen. Sie sollte ein Kommunikationsfeld und eine Verbindung zwischen beiden herstellen und dazu anregen, selbst kreativ und aktiv zu werden. Sie verbessert nicht nur  die Atmosph\u00e4re, sondern tr\u00e4gt  nachhaltig zum Bildungs- und Lernprozess bei.<\/p>\n\n\n\n<p>Preisbeispiele richten sich nach Gr\u00f6\u00dfe und Aufwand. Es gibt ein Kontaktformular, das Sie bei einer Anfrage ausf\u00fcllen k\u00f6nnen oder Sie wenden sich unter angegebenen Kontaktdaten direkt an mich.<\/p>\n\n\n\n<div class=\"wp-block-image\"><figure class=\"alignright size-large is-resized\"><img decoding=\"async\" loading=\"lazy\" src=\"https:\/\/artemanuale.de\/wp-content\/uploads\/2021\/03\/cropped-cropped-Header-KFK.jpg\" alt=\"\" class=\"wp-image-2076\" width=\"335\" height=\"108\" srcset=\"https:\/\/artemanuale.de\/wp-content\/uploads\/2021\/03\/cropped-cropped-Header-KFK.jpg 770w, https:\/\/artemanuale.de\/wp-content\/uploads\/2021\/03\/cropped-cropped-Header-KFK-300x97.jpg 300w, https:\/\/artemanuale.de\/wp-content\/uploads\/2021\/03\/cropped-cropped-Header-KFK-768x249.jpg 768w\" sizes=\"(max-width: 335px) 100vw, 335px\" \/><\/figure><\/div>\n\n\n\n<p>Kunst f\u00fcr Kids\/Artemanuale<\/p>\n\n\n\n<p>Ulrich Glosauer<\/p>\n\n\n\n<p>mail@artemanuale.de, 0163 \/ 742 38 68, Jungstra\u00dfe 31, 10247 Berlin<\/p>\n<\/div><\/div>\n\n\n\n<p><\/p>\n","protected":false},"excerpt":{"rendered":"<p>ist immer wichtig. Gestaltung und Orientierung sind dabei wesentlich. Kinder lernen meist unbewusst und integrieren die Erfahrungen aus ihrer Umgebung in ihr Verst\u00e4ndnis der Welt. Eine p\u00e4dagogisch sinnvolle Wandgestaltung kann sowohl auf die Bed\u00fcrfnisse der Kinder, als auch auf die \u00e4sthetischen Erwartungen der Erwachsenen eingehen. Sie sollte ein Kommunikationsfeld und eine Verbindung zwischen beiden herstellen &hellip; <\/p>\n<p class=\"link-more\"><a href=\"https:\/\/artemanuale.de\/?page_id=1954\" class=\"more-link\"><span class=\"screen-reader-text\">\u201eDurchblick\u201c<\/span> weiterlesen<\/a><\/p>\n","protected":false},"author":1,"featured_media":0,"parent":0,"menu_order":0,"comment_status":"closed","ping_status":"closed","template":"","meta":{"footnotes":""},"yoast_head":"<title>Durchblick - Artemanuale<\/title>\n<meta name=\"robots\" content=\"index, follow, max-snippet:-1, max-image-preview:large, max-video-preview:-1\" \/>\n<link rel=\"canonical\" href=\"https:\/\/artemanuale.de\/?page_id=1954\" \/>\n<meta property=\"og:locale\" content=\"de_DE\" \/>\n<meta property=\"og:type\" content=\"article\" \/>\n<meta property=\"og:title\" content=\"Durchblick - Artemanuale\" \/>\n<meta property=\"og:description\" content=\"ist immer wichtig. Gestaltung und Orientierung sind dabei wesentlich. Kinder lernen meist unbewusst und integrieren die Erfahrungen aus ihrer Umgebung in ihr Verst\u00e4ndnis der Welt. Eine p\u00e4dagogisch sinnvolle Wandgestaltung kann sowohl auf die Bed\u00fcrfnisse der Kinder, als auch auf die \u00e4sthetischen Erwartungen der Erwachsenen eingehen. Sie sollte ein Kommunikationsfeld und eine Verbindung zwischen beiden herstellen &hellip; \u201eDurchblick\u201c weiterlesen\" \/>\n<meta property=\"og:url\" content=\"https:\/\/artemanuale.de\/?page_id=1954\" \/>\n<meta property=\"og:site_name\" content=\"Artemanuale\" \/>\n<meta property=\"article:modified_time\" content=\"2021-04-02T06:53:05+00:00\" \/>\n<meta property=\"og:image\" content=\"https:\/\/artemanuale.de\/wp-content\/uploads\/2021\/03\/AA2C0263-7BEF-4E60-B452-DAF2BD92B49B-768x1024.jpeg\" \/>\n<meta name=\"twitter:card\" content=\"summary_large_image\" \/>\n<meta name=\"twitter:label1\" content=\"Gesch\u00e4tzte Lesezeit\" \/>\n\t<meta name=\"twitter:data1\" content=\"1\u00a0Minute\" \/>\n<script type=\"application\/ld+json\" class=\"yoast-schema-graph\">{\"@context\":\"https:\/\/schema.org\",\"@graph\":[{\"@type\":\"WebPage\",\"@id\":\"https:\/\/artemanuale.de\/?page_id=1954\",\"url\":\"https:\/\/artemanuale.de\/?page_id=1954\",\"name\":\"Durchblick - Artemanuale\",\"isPartOf\":{\"@id\":\"https:\/\/artemanuale.de\/#website\"},\"primaryImageOfPage\":{\"@id\":\"https:\/\/artemanuale.de\/?page_id=1954#primaryimage\"},\"image\":{\"@id\":\"https:\/\/artemanuale.de\/?page_id=1954#primaryimage\"},\"thumbnailUrl\":\"https:\/\/artemanuale.de\/wp-content\/uploads\/2021\/03\/AA2C0263-7BEF-4E60-B452-DAF2BD92B49B-768x1024.jpeg\",\"datePublished\":\"2021-03-23T08:57:58+00:00\",\"dateModified\":\"2021-04-02T06:53:05+00:00\",\"breadcrumb\":{\"@id\":\"https:\/\/artemanuale.de\/?page_id=1954#breadcrumb\"},\"inLanguage\":\"de\",\"potentialAction\":[{\"@type\":\"ReadAction\",\"target\":[\"https:\/\/artemanuale.de\/?page_id=1954\"]}]},{\"@type\":\"ImageObject\",\"inLanguage\":\"de\",\"@id\":\"https:\/\/artemanuale.de\/?page_id=1954#primaryimage\",\"url\":\"https:\/\/artemanuale.de\/wp-content\/uploads\/2021\/03\/AA2C0263-7BEF-4E60-B452-DAF2BD92B49B.jpeg\",\"contentUrl\":\"https:\/\/artemanuale.de\/wp-content\/uploads\/2021\/03\/AA2C0263-7BEF-4E60-B452-DAF2BD92B49B.jpeg\",\"width\":1536,\"height\":2048,\"caption\":\"Fenster\"},{\"@type\":\"BreadcrumbList\",\"@id\":\"https:\/\/artemanuale.de\/?page_id=1954#breadcrumb\",\"itemListElement\":[{\"@type\":\"ListItem\",\"position\":1,\"name\":\"Startseite\",\"item\":\"https:\/\/artemanuale.de\/\"},{\"@type\":\"ListItem\",\"position\":2,\"name\":\"Durchblick\"}]},{\"@type\":\"WebSite\",\"@id\":\"https:\/\/artemanuale.de\/#website\",\"url\":\"https:\/\/artemanuale.de\/\",\"name\":\"Artemanuale\",\"description\":\"Malerei \/Bildhauerei \/Raum &amp; Objektgestaltung \/Illustration\",\"publisher\":{\"@id\":\"https:\/\/artemanuale.de\/#\/schema\/person\/3fc205648890dad4edcd5ce2c9aee13a\"},\"potentialAction\":[{\"@type\":\"SearchAction\",\"target\":{\"@type\":\"EntryPoint\",\"urlTemplate\":\"https:\/\/artemanuale.de\/?s={search_term_string}\"},\"query-input\":\"required name=search_term_string\"}],\"inLanguage\":\"de\"},{\"@type\":[\"Person\",\"Organization\"],\"@id\":\"https:\/\/artemanuale.de\/#\/schema\/person\/3fc205648890dad4edcd5ce2c9aee13a\",\"name\":\"Ulrich Glosauer\",\"image\":{\"@type\":\"ImageObject\",\"inLanguage\":\"de\",\"@id\":\"https:\/\/artemanuale.de\/#\/schema\/person\/image\/\",\"url\":\"https:\/\/artemanuale.de\/wp-content\/uploads\/2020\/07\/Profilbild-scaled.jpg\",\"contentUrl\":\"https:\/\/artemanuale.de\/wp-content\/uploads\/2020\/07\/Profilbild-scaled.jpg\",\"width\":2560,\"height\":2506,\"caption\":\"Ulrich Glosauer\"},\"logo\":{\"@id\":\"https:\/\/artemanuale.de\/#\/schema\/person\/image\/\"}}]}<\/script>","yoast_head_json":{"title":"Durchblick - Artemanuale","robots":{"index":"index","follow":"follow","max-snippet":"max-snippet:-1","max-image-preview":"max-image-preview:large","max-video-preview":"max-video-preview:-1"},"canonical":"https:\/\/artemanuale.de\/?page_id=1954","og_locale":"de_DE","og_type":"article","og_title":"Durchblick - Artemanuale","og_description":"ist immer wichtig. Gestaltung und Orientierung sind dabei wesentlich. Kinder lernen meist unbewusst und integrieren die Erfahrungen aus ihrer Umgebung in ihr Verst\u00e4ndnis der Welt. Eine p\u00e4dagogisch sinnvolle Wandgestaltung kann sowohl auf die Bed\u00fcrfnisse der Kinder, als auch auf die \u00e4sthetischen Erwartungen der Erwachsenen eingehen. Sie sollte ein Kommunikationsfeld und eine Verbindung zwischen beiden herstellen &hellip; \u201eDurchblick\u201c weiterlesen","og_url":"https:\/\/artemanuale.de\/?page_id=1954","og_site_name":"Artemanuale","article_modified_time":"2021-04-02T06:53:05+00:00","og_image":[{"url":"https:\/\/artemanuale.de\/wp-content\/uploads\/2021\/03\/AA2C0263-7BEF-4E60-B452-DAF2BD92B49B-768x1024.jpeg"}],"twitter_card":"summary_large_image","twitter_misc":{"Gesch\u00e4tzte Lesezeit":"1\u00a0Minute"},"schema":{"@context":"https:\/\/schema.org","@graph":[{"@type":"WebPage","@id":"https:\/\/artemanuale.de\/?page_id=1954","url":"https:\/\/artemanuale.de\/?page_id=1954","name":"Durchblick - Artemanuale","isPartOf":{"@id":"https:\/\/artemanuale.de\/#website"},"primaryImageOfPage":{"@id":"https:\/\/artemanuale.de\/?page_id=1954#primaryimage"},"image":{"@id":"https:\/\/artemanuale.de\/?page_id=1954#primaryimage"},"thumbnailUrl":"https:\/\/artemanuale.de\/wp-content\/uploads\/2021\/03\/AA2C0263-7BEF-4E60-B452-DAF2BD92B49B-768x1024.jpeg","datePublished":"2021-03-23T08:57:58+00:00","dateModified":"2021-04-02T06:53:05+00:00","breadcrumb":{"@id":"https:\/\/artemanuale.de\/?page_id=1954#breadcrumb"},"inLanguage":"de","potentialAction":[{"@type":"ReadAction","target":["https:\/\/artemanuale.de\/?page_id=1954"]}]},{"@type":"ImageObject","inLanguage":"de","@id":"https:\/\/artemanuale.de\/?page_id=1954#primaryimage","url":"https:\/\/artemanuale.de\/wp-content\/uploads\/2021\/03\/AA2C0263-7BEF-4E60-B452-DAF2BD92B49B.jpeg","contentUrl":"https:\/\/artemanuale.de\/wp-content\/uploads\/2021\/03\/AA2C0263-7BEF-4E60-B452-DAF2BD92B49B.jpeg","width":1536,"height":2048,"caption":"Fenster"},{"@type":"BreadcrumbList","@id":"https:\/\/artemanuale.de\/?page_id=1954#breadcrumb","itemListElement":[{"@type":"ListItem","position":1,"name":"Startseite","item":"https:\/\/artemanuale.de\/"},{"@type":"ListItem","position":2,"name":"Durchblick"}]},{"@type":"WebSite","@id":"https:\/\/artemanuale.de\/#website","url":"https:\/\/artemanuale.de\/","name":"Artemanuale","description":"Malerei \/Bildhauerei \/Raum &amp; Objektgestaltung \/Illustration","publisher":{"@id":"https:\/\/artemanuale.de\/#\/schema\/person\/3fc205648890dad4edcd5ce2c9aee13a"},"potentialAction":[{"@type":"SearchAction","target":{"@type":"EntryPoint","urlTemplate":"https:\/\/artemanuale.de\/?s={search_term_string}"},"query-input":"required name=search_term_string"}],"inLanguage":"de"},{"@type":["Person","Organization"],"@id":"https:\/\/artemanuale.de\/#\/schema\/person\/3fc205648890dad4edcd5ce2c9aee13a","name":"Ulrich Glosauer","image":{"@type":"ImageObject","inLanguage":"de","@id":"https:\/\/artemanuale.de\/#\/schema\/person\/image\/","url":"https:\/\/artemanuale.de\/wp-content\/uploads\/2020\/07\/Profilbild-scaled.jpg","contentUrl":"https:\/\/artemanuale.de\/wp-content\/uploads\/2020\/07\/Profilbild-scaled.jpg","width":2560,"height":2506,"caption":"Ulrich Glosauer"},"logo":{"@id":"https:\/\/artemanuale.de\/#\/schema\/person\/image\/"}}]}},"_links":{"self":[{"href":"https:\/\/artemanuale.de\/index.php?rest_route=\/wp\/v2\/pages\/1954"}],"collection":[{"href":"https:\/\/artemanuale.de\/index.php?rest_route=\/wp\/v2\/pages"}],"about":[{"href":"https:\/\/artemanuale.de\/index.php?rest_route=\/wp\/v2\/types\/page"}],"author":[{"embeddable":true,"href":"https:\/\/artemanuale.de\/index.php?rest_route=\/wp\/v2\/users\/1"}],"replies":[{"embeddable":true,"href":"https:\/\/artemanuale.de\/index.php?rest_route=%2Fwp%2Fv2%2Fcomments&post=1954"}],"version-history":[{"count":9,"href":"https:\/\/artemanuale.de\/index.php?rest_route=\/wp\/v2\/pages\/1954\/revisions"}],"predecessor-version":[{"id":2686,"href":"https:\/\/artemanuale.de\/index.php?rest_route=\/wp\/v2\/pages\/1954\/revisions\/2686"}],"wp:attachment":[{"href":"https:\/\/artemanuale.de\/index.php?rest_route=%2Fwp%2Fv2%2Fmedia&parent=1954"}],"curies":[{"name":"wp","href":"https:\/\/api.w.org\/{rel}","templated":true}]}}