{"id":1572,"date":"2021-03-13T17:07:03","date_gmt":"2021-03-13T17:07:03","guid":{"rendered":"http:\/\/artemanuale.de\/?page_id=1572"},"modified":"2023-03-04T12:12:48","modified_gmt":"2023-03-04T12:12:48","slug":"artemanuale-das-projekt","status":"publish","type":"page","link":"https:\/\/artemanuale.de\/?page_id=1572","title":{"rendered":"\u00dcber ArteManuale"},"content":{"rendered":"\n<figure class=\"wp-block-image size-large is-resized\"><img decoding=\"async\" loading=\"lazy\" src=\"https:\/\/artemanuale.de\/wp-content\/uploads\/2021\/03\/artemanuale-neu-768x435-1.jpg\" alt=\"\" class=\"wp-image-1607\" width=\"637\" height=\"360\" srcset=\"https:\/\/artemanuale.de\/wp-content\/uploads\/2021\/03\/artemanuale-neu-768x435-1.jpg 768w, https:\/\/artemanuale.de\/wp-content\/uploads\/2021\/03\/artemanuale-neu-768x435-1-300x170.jpg 300w\" sizes=\"(max-width: 637px) 100vw, 637px\" \/><\/figure>\n\n\n\n<p>Der Projektname &#8222;ArteManuale&#8220; kommt aus dem italienischen und steht f\u00fcr Kunst, die mit der Hand gemacht ist. Manuale, im englischen &#8222;Manual&#8220;  kann auch als Handbuch oder Anleitung \u00fcbersetzt werden. Auf deutsch bedeutet der Begriff wohl am ehesten Kunsthandwerk oder Handwerkskunst, wobei diesen Bedeutungen in unserer Zeit etwas volkst\u00fcmlich, traditionelles und wenig systemrelevantes anhaftet. <\/p>\n\n\n\n<p>Industrialisierung, globale Wirtschaft, sowie Technisierung und Digitalisierung haben ma\u00dfgeblich dazu beigetragen k\u00fcnstlerisch-handwerkliche Arbeit  aus unserem Alltag zu verdr\u00e4ngen. Das geht mit einer gewissen Entfremdung einher, so dass wir durch maschinelle Fertigung und Auslagerung handwerklicher Arbeitsprozesse die direkte Teilhabe an der Gestaltung unserer Umgebung  verloren haben. Ein Gro\u00dfteil des modernen Lebens spielt sich auf der Fl\u00e4che von Bildschirmen ab, sodass die Umwelt ausserhalb des digitalen Raumes bereits in Vergessenheit zu geraten scheint oder nur noch funktionalen Charakter hat und somit wenig Wertsch\u00e4tzung erf\u00e4hrt. <\/p>\n\n\n\n<p>Gerade im \u00f6ffentlichen Leben, jenseits des digitalen Raums und im sozialen Bereich wird diese Entwicklung besonders deutlich sp\u00fcrbar.  Da wir es dort direkt mit Menschen,  zu tun haben, muss die Gestaltung von Orten  in denen man sich, jenseits des Konsums und des rein funktionellen Charakters, begegnen kann, mehr Relevanz gewinnen. Bei aller Notwendigkeit einer Digitalisierung im Bildungsbereich und Modernisierung gesellschaftlicher Strukturen d\u00fcrfen die R\u00e4ume in denen wir uns gemeinschaftlich bewegen und aufhalten nicht an Bedeutung verlieren. K\u00fcnstlerische Gestaltung vor Ort kann helfen,  eine positive Atmosph\u00e4re zu schaffen und als Orientierung und Anhaltspunkt dienen. Sie kann als Anregung verstanden werden selbst kreativ und aktiv zu werden, Lehrinhalte vermitteln, zur Interaktion einladen und die allgemeine Wertsch\u00e4tzung steigern.<\/p>\n\n\n\n<p>Eine soziale Architektur sollte immer  k\u00fcnstlerische Elemente beinhalten.  Eine Gesellschaft die m\u00f6glichst alle mit einschliesst und sich gerade \u00fcber ihre Randgruppen, im Sinne einer allgemeinen Diversit\u00e4t definiert, sollte R\u00e4ume haben, die einen gemeinsamen Aufenthalt und ein gegenseitiges Verst\u00e4ndnis zul\u00e4sst und f\u00f6rdert. Individueller Ausdruck und Kommunikation m\u00fcssen hier keinen Widerspruch bilden. Kunst im \u00f6ffentlichen Raum und sozialen Einrichtungen kann dabei helfen Gemeinsamkeiten zu finden, Unterschiede zu akzeptieren, und an einer Zukunft, die f\u00fcr uns alle und unsere Nachkommen lebenswert ist, zu arbeiten.<\/p>\n\n\n\n<p>Es ist wichtig regionale Strukturen zu st\u00e4rken und globale Vernetzung zu nutzen um andere Kulturen zu verstehen, von ihnen zu lernen und unsere direkte Umgebung so zu gestalten, dass sie f\u00fcr alle lebens- und \u00fcberlebenswert ist. Nachhaltigkeit und Umweltbewusstsein d\u00fcrfen keine reinen Marketingkonzepte sein, sondern m\u00fcssen letztlich dazu f\u00fchren auf der Basis unserer eigenen F\u00e4higkeiten zu stehen. Dies beinhaltet Freude, Hilfsbereitschaft und Produktivit\u00e4t, im Sinne von geistiger und k\u00f6rperlicher Aktivit\u00e4t. Kunst bildet dabei den Motor.<\/p>\n\n\n<div class=\"wp-block-image\">\n<figure class=\"aligncenter size-large is-resized\"><img decoding=\"async\" loading=\"lazy\" src=\"https:\/\/artemanuale.de\/wp-content\/uploads\/2021\/03\/6.6.-Zeichnung-reiter.jpg\" alt=\"\" class=\"wp-image-2262\" width=\"132\" height=\"109\" srcset=\"https:\/\/artemanuale.de\/wp-content\/uploads\/2021\/03\/6.6.-Zeichnung-reiter.jpg 329w, https:\/\/artemanuale.de\/wp-content\/uploads\/2021\/03\/6.6.-Zeichnung-reiter-300x248.jpg 300w\" sizes=\"(max-width: 132px) 100vw, 132px\" \/><\/figure><\/div>","protected":false},"excerpt":{"rendered":"<p>Der Projektname &#8222;ArteManuale&#8220; kommt aus dem italienischen und steht f\u00fcr Kunst, die mit der Hand gemacht ist. Manuale, im englischen &#8222;Manual&#8220; kann auch als Handbuch oder Anleitung \u00fcbersetzt werden. Auf deutsch bedeutet der Begriff wohl am ehesten Kunsthandwerk oder Handwerkskunst, wobei diesen Bedeutungen in unserer Zeit etwas volkst\u00fcmlich, traditionelles und wenig systemrelevantes anhaftet. Industrialisierung, globale &hellip; <\/p>\n<p class=\"link-more\"><a href=\"https:\/\/artemanuale.de\/?page_id=1572\" class=\"more-link\"><span class=\"screen-reader-text\">\u201e\u00dcber ArteManuale\u201c<\/span> weiterlesen<\/a><\/p>\n","protected":false},"author":1,"featured_media":0,"parent":0,"menu_order":0,"comment_status":"closed","ping_status":"closed","template":"","meta":{"footnotes":""},"yoast_head":"<title>\u00dcber ArteManuale - Artemanuale<\/title>\n<meta name=\"robots\" content=\"index, follow, max-snippet:-1, max-image-preview:large, max-video-preview:-1\" \/>\n<link rel=\"canonical\" href=\"https:\/\/artemanuale.de\/?page_id=1572\" \/>\n<meta property=\"og:locale\" content=\"de_DE\" \/>\n<meta property=\"og:type\" content=\"article\" \/>\n<meta property=\"og:title\" content=\"\u00dcber ArteManuale - Artemanuale\" \/>\n<meta property=\"og:description\" content=\"Der Projektname &#8222;ArteManuale&#8220; kommt aus dem italienischen und steht f\u00fcr Kunst, die mit der Hand gemacht ist. Manuale, im englischen &#8222;Manual&#8220; kann auch als Handbuch oder Anleitung \u00fcbersetzt werden. Auf deutsch bedeutet der Begriff wohl am ehesten Kunsthandwerk oder Handwerkskunst, wobei diesen Bedeutungen in unserer Zeit etwas volkst\u00fcmlich, traditionelles und wenig systemrelevantes anhaftet. Industrialisierung, globale &hellip; \u201e\u00dcber ArteManuale\u201c weiterlesen\" \/>\n<meta property=\"og:url\" content=\"https:\/\/artemanuale.de\/?page_id=1572\" \/>\n<meta property=\"og:site_name\" content=\"Artemanuale\" \/>\n<meta property=\"article:modified_time\" content=\"2023-03-04T12:12:48+00:00\" \/>\n<meta property=\"og:image\" content=\"https:\/\/artemanuale.de\/wp-content\/uploads\/2021\/03\/artemanuale-neu-768x435-1.jpg\" \/>\n<meta name=\"twitter:card\" content=\"summary_large_image\" \/>\n<meta name=\"twitter:label1\" content=\"Gesch\u00e4tzte Lesezeit\" \/>\n\t<meta name=\"twitter:data1\" content=\"3\u00a0Minuten\" \/>\n<script type=\"application\/ld+json\" class=\"yoast-schema-graph\">{\"@context\":\"https:\/\/schema.org\",\"@graph\":[{\"@type\":\"WebPage\",\"@id\":\"https:\/\/artemanuale.de\/?page_id=1572\",\"url\":\"https:\/\/artemanuale.de\/?page_id=1572\",\"name\":\"\u00dcber ArteManuale - Artemanuale\",\"isPartOf\":{\"@id\":\"https:\/\/artemanuale.de\/#website\"},\"primaryImageOfPage\":{\"@id\":\"https:\/\/artemanuale.de\/?page_id=1572#primaryimage\"},\"image\":{\"@id\":\"https:\/\/artemanuale.de\/?page_id=1572#primaryimage\"},\"thumbnailUrl\":\"https:\/\/artemanuale.de\/wp-content\/uploads\/2021\/03\/artemanuale-neu-768x435-1.jpg\",\"datePublished\":\"2021-03-13T17:07:03+00:00\",\"dateModified\":\"2023-03-04T12:12:48+00:00\",\"breadcrumb\":{\"@id\":\"https:\/\/artemanuale.de\/?page_id=1572#breadcrumb\"},\"inLanguage\":\"de\",\"potentialAction\":[{\"@type\":\"ReadAction\",\"target\":[\"https:\/\/artemanuale.de\/?page_id=1572\"]}]},{\"@type\":\"ImageObject\",\"inLanguage\":\"de\",\"@id\":\"https:\/\/artemanuale.de\/?page_id=1572#primaryimage\",\"url\":\"https:\/\/artemanuale.de\/wp-content\/uploads\/2021\/03\/artemanuale-neu-768x435-1.jpg\",\"contentUrl\":\"https:\/\/artemanuale.de\/wp-content\/uploads\/2021\/03\/artemanuale-neu-768x435-1.jpg\",\"width\":768,\"height\":435},{\"@type\":\"BreadcrumbList\",\"@id\":\"https:\/\/artemanuale.de\/?page_id=1572#breadcrumb\",\"itemListElement\":[{\"@type\":\"ListItem\",\"position\":1,\"name\":\"Startseite\",\"item\":\"https:\/\/artemanuale.de\/\"},{\"@type\":\"ListItem\",\"position\":2,\"name\":\"\u00dcber ArteManuale\"}]},{\"@type\":\"WebSite\",\"@id\":\"https:\/\/artemanuale.de\/#website\",\"url\":\"https:\/\/artemanuale.de\/\",\"name\":\"Artemanuale\",\"description\":\"Malerei \/Bildhauerei \/Raum &amp; Objektgestaltung \/Illustration\",\"publisher\":{\"@id\":\"https:\/\/artemanuale.de\/#\/schema\/person\/3fc205648890dad4edcd5ce2c9aee13a\"},\"potentialAction\":[{\"@type\":\"SearchAction\",\"target\":{\"@type\":\"EntryPoint\",\"urlTemplate\":\"https:\/\/artemanuale.de\/?s={search_term_string}\"},\"query-input\":\"required name=search_term_string\"}],\"inLanguage\":\"de\"},{\"@type\":[\"Person\",\"Organization\"],\"@id\":\"https:\/\/artemanuale.de\/#\/schema\/person\/3fc205648890dad4edcd5ce2c9aee13a\",\"name\":\"Ulrich Glosauer\",\"image\":{\"@type\":\"ImageObject\",\"inLanguage\":\"de\",\"@id\":\"https:\/\/artemanuale.de\/#\/schema\/person\/image\/\",\"url\":\"https:\/\/artemanuale.de\/wp-content\/uploads\/2020\/07\/Profilbild-scaled.jpg\",\"contentUrl\":\"https:\/\/artemanuale.de\/wp-content\/uploads\/2020\/07\/Profilbild-scaled.jpg\",\"width\":2560,\"height\":2506,\"caption\":\"Ulrich Glosauer\"},\"logo\":{\"@id\":\"https:\/\/artemanuale.de\/#\/schema\/person\/image\/\"}}]}<\/script>","yoast_head_json":{"title":"\u00dcber ArteManuale - Artemanuale","robots":{"index":"index","follow":"follow","max-snippet":"max-snippet:-1","max-image-preview":"max-image-preview:large","max-video-preview":"max-video-preview:-1"},"canonical":"https:\/\/artemanuale.de\/?page_id=1572","og_locale":"de_DE","og_type":"article","og_title":"\u00dcber ArteManuale - Artemanuale","og_description":"Der Projektname &#8222;ArteManuale&#8220; kommt aus dem italienischen und steht f\u00fcr Kunst, die mit der Hand gemacht ist. Manuale, im englischen &#8222;Manual&#8220; kann auch als Handbuch oder Anleitung \u00fcbersetzt werden. Auf deutsch bedeutet der Begriff wohl am ehesten Kunsthandwerk oder Handwerkskunst, wobei diesen Bedeutungen in unserer Zeit etwas volkst\u00fcmlich, traditionelles und wenig systemrelevantes anhaftet. Industrialisierung, globale &hellip; \u201e\u00dcber ArteManuale\u201c weiterlesen","og_url":"https:\/\/artemanuale.de\/?page_id=1572","og_site_name":"Artemanuale","article_modified_time":"2023-03-04T12:12:48+00:00","og_image":[{"url":"https:\/\/artemanuale.de\/wp-content\/uploads\/2021\/03\/artemanuale-neu-768x435-1.jpg"}],"twitter_card":"summary_large_image","twitter_misc":{"Gesch\u00e4tzte Lesezeit":"3\u00a0Minuten"},"schema":{"@context":"https:\/\/schema.org","@graph":[{"@type":"WebPage","@id":"https:\/\/artemanuale.de\/?page_id=1572","url":"https:\/\/artemanuale.de\/?page_id=1572","name":"\u00dcber ArteManuale - Artemanuale","isPartOf":{"@id":"https:\/\/artemanuale.de\/#website"},"primaryImageOfPage":{"@id":"https:\/\/artemanuale.de\/?page_id=1572#primaryimage"},"image":{"@id":"https:\/\/artemanuale.de\/?page_id=1572#primaryimage"},"thumbnailUrl":"https:\/\/artemanuale.de\/wp-content\/uploads\/2021\/03\/artemanuale-neu-768x435-1.jpg","datePublished":"2021-03-13T17:07:03+00:00","dateModified":"2023-03-04T12:12:48+00:00","breadcrumb":{"@id":"https:\/\/artemanuale.de\/?page_id=1572#breadcrumb"},"inLanguage":"de","potentialAction":[{"@type":"ReadAction","target":["https:\/\/artemanuale.de\/?page_id=1572"]}]},{"@type":"ImageObject","inLanguage":"de","@id":"https:\/\/artemanuale.de\/?page_id=1572#primaryimage","url":"https:\/\/artemanuale.de\/wp-content\/uploads\/2021\/03\/artemanuale-neu-768x435-1.jpg","contentUrl":"https:\/\/artemanuale.de\/wp-content\/uploads\/2021\/03\/artemanuale-neu-768x435-1.jpg","width":768,"height":435},{"@type":"BreadcrumbList","@id":"https:\/\/artemanuale.de\/?page_id=1572#breadcrumb","itemListElement":[{"@type":"ListItem","position":1,"name":"Startseite","item":"https:\/\/artemanuale.de\/"},{"@type":"ListItem","position":2,"name":"\u00dcber ArteManuale"}]},{"@type":"WebSite","@id":"https:\/\/artemanuale.de\/#website","url":"https:\/\/artemanuale.de\/","name":"Artemanuale","description":"Malerei \/Bildhauerei \/Raum &amp; Objektgestaltung \/Illustration","publisher":{"@id":"https:\/\/artemanuale.de\/#\/schema\/person\/3fc205648890dad4edcd5ce2c9aee13a"},"potentialAction":[{"@type":"SearchAction","target":{"@type":"EntryPoint","urlTemplate":"https:\/\/artemanuale.de\/?s={search_term_string}"},"query-input":"required name=search_term_string"}],"inLanguage":"de"},{"@type":["Person","Organization"],"@id":"https:\/\/artemanuale.de\/#\/schema\/person\/3fc205648890dad4edcd5ce2c9aee13a","name":"Ulrich Glosauer","image":{"@type":"ImageObject","inLanguage":"de","@id":"https:\/\/artemanuale.de\/#\/schema\/person\/image\/","url":"https:\/\/artemanuale.de\/wp-content\/uploads\/2020\/07\/Profilbild-scaled.jpg","contentUrl":"https:\/\/artemanuale.de\/wp-content\/uploads\/2020\/07\/Profilbild-scaled.jpg","width":2560,"height":2506,"caption":"Ulrich Glosauer"},"logo":{"@id":"https:\/\/artemanuale.de\/#\/schema\/person\/image\/"}}]}},"_links":{"self":[{"href":"https:\/\/artemanuale.de\/index.php?rest_route=\/wp\/v2\/pages\/1572"}],"collection":[{"href":"https:\/\/artemanuale.de\/index.php?rest_route=\/wp\/v2\/pages"}],"about":[{"href":"https:\/\/artemanuale.de\/index.php?rest_route=\/wp\/v2\/types\/page"}],"author":[{"embeddable":true,"href":"https:\/\/artemanuale.de\/index.php?rest_route=\/wp\/v2\/users\/1"}],"replies":[{"embeddable":true,"href":"https:\/\/artemanuale.de\/index.php?rest_route=%2Fwp%2Fv2%2Fcomments&post=1572"}],"version-history":[{"count":36,"href":"https:\/\/artemanuale.de\/index.php?rest_route=\/wp\/v2\/pages\/1572\/revisions"}],"predecessor-version":[{"id":3269,"href":"https:\/\/artemanuale.de\/index.php?rest_route=\/wp\/v2\/pages\/1572\/revisions\/3269"}],"wp:attachment":[{"href":"https:\/\/artemanuale.de\/index.php?rest_route=%2Fwp%2Fv2%2Fmedia&parent=1572"}],"curies":[{"name":"wp","href":"https:\/\/api.w.org\/{rel}","templated":true}]}}