{"id":1334,"date":"2021-03-06T13:45:03","date_gmt":"2021-03-06T13:45:03","guid":{"rendered":"http:\/\/artemanuale.de\/?page_id=1334"},"modified":"2022-03-17T11:35:52","modified_gmt":"2022-03-17T11:35:52","slug":"ueber-mich","status":"publish","type":"page","link":"https:\/\/artemanuale.de\/?page_id=1334","title":{"rendered":"Firma und Projekt"},"content":{"rendered":"\n<figure class=\"wp-block-image size-large\"><img decoding=\"async\" loading=\"lazy\" width=\"1024\" height=\"237\" src=\"https:\/\/artemanuale.de\/wp-content\/uploads\/2021\/03\/Ueber-mich-2-1024x237.jpg\" alt=\"\" class=\"wp-image-2066\" srcset=\"https:\/\/artemanuale.de\/wp-content\/uploads\/2021\/03\/Ueber-mich-2-1024x237.jpg 1024w, https:\/\/artemanuale.de\/wp-content\/uploads\/2021\/03\/Ueber-mich-2-300x69.jpg 300w, https:\/\/artemanuale.de\/wp-content\/uploads\/2021\/03\/Ueber-mich-2-768x178.jpg 768w, https:\/\/artemanuale.de\/wp-content\/uploads\/2021\/03\/Ueber-mich-2-1536x355.jpg 1536w, https:\/\/artemanuale.de\/wp-content\/uploads\/2021\/03\/Ueber-mich-2-2048x474.jpg 2048w\" sizes=\"(max-width: 767px) 89vw, (max-width: 1000px) 54vw, (max-width: 1071px) 543px, 580px\" \/><\/figure>\n\n\n\n<p>Als Maler, Bildhauer und Wandgestalter bin ich seit 2004 selbstst\u00e4ndig in Berlin t\u00e4tig . <\/p>\n\n\n\n<p>In dieser Zeit konnten, in Zusammenarbeit mit weiteren K\u00fcnstlern, Handwerkern, Firmen, sowie \u00f6ffentlichen und sozialen Tr\u00e4gern, vielf\u00e4ltige Projekte f\u00fcr Wandgem\u00e4lde, Holzskulpturen und Illustrationen  verwirklicht werden.  Diese Website versucht einen \u00dcberblick \u00fcber aktuelle und bisherige Arbeiten, die so entstanden sind, zu geben, sowie Angebote  zu vermitteln. Wichtig ist nat\u00fcrlich immer der Austausch im Vorfeld. Gerne k\u00f6nnen Sie sich, \u00fcber das Kontaktformular oder die unten aufgef\u00fchrten Angaben, bei mir melden!<br><\/p>\n\n\n\n<p>Ulrich Glosauer<\/p>\n\n\n\n<p>Artemanuale<\/p>\n\n\n\n<p>mail@artemanuale.de, 0163 \/ 742 38 68, Jungstra\u00dfe 31, 10247 Berlin<\/p>\n","protected":false},"excerpt":{"rendered":"<p>Als Maler, Bildhauer und Wandgestalter bin ich seit 2004 selbstst\u00e4ndig in Berlin t\u00e4tig . In dieser Zeit konnten, in Zusammenarbeit mit weiteren K\u00fcnstlern, Handwerkern, Firmen, sowie \u00f6ffentlichen und sozialen Tr\u00e4gern, vielf\u00e4ltige Projekte f\u00fcr Wandgem\u00e4lde, Holzskulpturen und Illustrationen verwirklicht werden. Diese Website versucht einen \u00dcberblick \u00fcber aktuelle und bisherige Arbeiten, die so entstanden sind, zu geben, &hellip; <\/p>\n<p class=\"link-more\"><a href=\"https:\/\/artemanuale.de\/?page_id=1334\" class=\"more-link\"><span class=\"screen-reader-text\">\u201eFirma und Projekt\u201c<\/span> weiterlesen<\/a><\/p>\n","protected":false},"author":1,"featured_media":0,"parent":0,"menu_order":0,"comment_status":"closed","ping_status":"closed","template":"","meta":{"footnotes":""},"yoast_head":"<title>Firma und Projekt - Artemanuale<\/title>\n<meta name=\"robots\" content=\"index, follow, max-snippet:-1, max-image-preview:large, max-video-preview:-1\" \/>\n<link rel=\"canonical\" href=\"https:\/\/artemanuale.de\/?page_id=1334\" \/>\n<meta property=\"og:locale\" content=\"de_DE\" \/>\n<meta property=\"og:type\" content=\"article\" \/>\n<meta property=\"og:title\" content=\"Firma und Projekt - Artemanuale\" \/>\n<meta property=\"og:description\" content=\"Als Maler, Bildhauer und Wandgestalter bin ich seit 2004 selbstst\u00e4ndig in Berlin t\u00e4tig . In dieser Zeit konnten, in Zusammenarbeit mit weiteren K\u00fcnstlern, Handwerkern, Firmen, sowie \u00f6ffentlichen und sozialen Tr\u00e4gern, vielf\u00e4ltige Projekte f\u00fcr Wandgem\u00e4lde, Holzskulpturen und Illustrationen verwirklicht werden. Diese Website versucht einen \u00dcberblick \u00fcber aktuelle und bisherige Arbeiten, die so entstanden sind, zu geben, &hellip; \u201eFirma und Projekt\u201c weiterlesen\" \/>\n<meta property=\"og:url\" content=\"https:\/\/artemanuale.de\/?page_id=1334\" \/>\n<meta property=\"og:site_name\" content=\"Artemanuale\" \/>\n<meta property=\"article:modified_time\" content=\"2022-03-17T11:35:52+00:00\" \/>\n<meta property=\"og:image\" content=\"https:\/\/artemanuale.de\/wp-content\/uploads\/2021\/03\/Ueber-mich-2-1024x237.jpg\" \/>\n<meta name=\"twitter:card\" content=\"summary_large_image\" \/>\n<meta name=\"twitter:label1\" content=\"Gesch\u00e4tzte Lesezeit\" \/>\n\t<meta name=\"twitter:data1\" content=\"1\u00a0Minute\" \/>\n<script type=\"application\/ld+json\" class=\"yoast-schema-graph\">{\"@context\":\"https:\/\/schema.org\",\"@graph\":[{\"@type\":\"WebPage\",\"@id\":\"https:\/\/artemanuale.de\/?page_id=1334\",\"url\":\"https:\/\/artemanuale.de\/?page_id=1334\",\"name\":\"Firma und Projekt - Artemanuale\",\"isPartOf\":{\"@id\":\"https:\/\/artemanuale.de\/#website\"},\"primaryImageOfPage\":{\"@id\":\"https:\/\/artemanuale.de\/?page_id=1334#primaryimage\"},\"image\":{\"@id\":\"https:\/\/artemanuale.de\/?page_id=1334#primaryimage\"},\"thumbnailUrl\":\"https:\/\/artemanuale.de\/wp-content\/uploads\/2021\/03\/Ueber-mich-2-1024x237.jpg\",\"datePublished\":\"2021-03-06T13:45:03+00:00\",\"dateModified\":\"2022-03-17T11:35:52+00:00\",\"breadcrumb\":{\"@id\":\"https:\/\/artemanuale.de\/?page_id=1334#breadcrumb\"},\"inLanguage\":\"de\",\"potentialAction\":[{\"@type\":\"ReadAction\",\"target\":[\"https:\/\/artemanuale.de\/?page_id=1334\"]}]},{\"@type\":\"ImageObject\",\"inLanguage\":\"de\",\"@id\":\"https:\/\/artemanuale.de\/?page_id=1334#primaryimage\",\"url\":\"https:\/\/artemanuale.de\/wp-content\/uploads\/2021\/03\/Ueber-mich-2.jpg\",\"contentUrl\":\"https:\/\/artemanuale.de\/wp-content\/uploads\/2021\/03\/Ueber-mich-2.jpg\",\"width\":2270,\"height\":525},{\"@type\":\"BreadcrumbList\",\"@id\":\"https:\/\/artemanuale.de\/?page_id=1334#breadcrumb\",\"itemListElement\":[{\"@type\":\"ListItem\",\"position\":1,\"name\":\"Startseite\",\"item\":\"https:\/\/artemanuale.de\/\"},{\"@type\":\"ListItem\",\"position\":2,\"name\":\"Firma und Projekt\"}]},{\"@type\":\"WebSite\",\"@id\":\"https:\/\/artemanuale.de\/#website\",\"url\":\"https:\/\/artemanuale.de\/\",\"name\":\"Artemanuale\",\"description\":\"Malerei \/Bildhauerei \/Raum &amp; Objektgestaltung \/Illustration\",\"publisher\":{\"@id\":\"https:\/\/artemanuale.de\/#\/schema\/person\/3fc205648890dad4edcd5ce2c9aee13a\"},\"potentialAction\":[{\"@type\":\"SearchAction\",\"target\":{\"@type\":\"EntryPoint\",\"urlTemplate\":\"https:\/\/artemanuale.de\/?s={search_term_string}\"},\"query-input\":\"required name=search_term_string\"}],\"inLanguage\":\"de\"},{\"@type\":[\"Person\",\"Organization\"],\"@id\":\"https:\/\/artemanuale.de\/#\/schema\/person\/3fc205648890dad4edcd5ce2c9aee13a\",\"name\":\"Ulrich Glosauer\",\"image\":{\"@type\":\"ImageObject\",\"inLanguage\":\"de\",\"@id\":\"https:\/\/artemanuale.de\/#\/schema\/person\/image\/\",\"url\":\"https:\/\/artemanuale.de\/wp-content\/uploads\/2020\/07\/Profilbild-scaled.jpg\",\"contentUrl\":\"https:\/\/artemanuale.de\/wp-content\/uploads\/2020\/07\/Profilbild-scaled.jpg\",\"width\":2560,\"height\":2506,\"caption\":\"Ulrich Glosauer\"},\"logo\":{\"@id\":\"https:\/\/artemanuale.de\/#\/schema\/person\/image\/\"}}]}<\/script>","yoast_head_json":{"title":"Firma und Projekt - Artemanuale","robots":{"index":"index","follow":"follow","max-snippet":"max-snippet:-1","max-image-preview":"max-image-preview:large","max-video-preview":"max-video-preview:-1"},"canonical":"https:\/\/artemanuale.de\/?page_id=1334","og_locale":"de_DE","og_type":"article","og_title":"Firma und Projekt - Artemanuale","og_description":"Als Maler, Bildhauer und Wandgestalter bin ich seit 2004 selbstst\u00e4ndig in Berlin t\u00e4tig . In dieser Zeit konnten, in Zusammenarbeit mit weiteren K\u00fcnstlern, Handwerkern, Firmen, sowie \u00f6ffentlichen und sozialen Tr\u00e4gern, vielf\u00e4ltige Projekte f\u00fcr Wandgem\u00e4lde, Holzskulpturen und Illustrationen verwirklicht werden. Diese Website versucht einen \u00dcberblick \u00fcber aktuelle und bisherige Arbeiten, die so entstanden sind, zu geben, &hellip; \u201eFirma und Projekt\u201c weiterlesen","og_url":"https:\/\/artemanuale.de\/?page_id=1334","og_site_name":"Artemanuale","article_modified_time":"2022-03-17T11:35:52+00:00","og_image":[{"url":"https:\/\/artemanuale.de\/wp-content\/uploads\/2021\/03\/Ueber-mich-2-1024x237.jpg"}],"twitter_card":"summary_large_image","twitter_misc":{"Gesch\u00e4tzte Lesezeit":"1\u00a0Minute"},"schema":{"@context":"https:\/\/schema.org","@graph":[{"@type":"WebPage","@id":"https:\/\/artemanuale.de\/?page_id=1334","url":"https:\/\/artemanuale.de\/?page_id=1334","name":"Firma und Projekt - Artemanuale","isPartOf":{"@id":"https:\/\/artemanuale.de\/#website"},"primaryImageOfPage":{"@id":"https:\/\/artemanuale.de\/?page_id=1334#primaryimage"},"image":{"@id":"https:\/\/artemanuale.de\/?page_id=1334#primaryimage"},"thumbnailUrl":"https:\/\/artemanuale.de\/wp-content\/uploads\/2021\/03\/Ueber-mich-2-1024x237.jpg","datePublished":"2021-03-06T13:45:03+00:00","dateModified":"2022-03-17T11:35:52+00:00","breadcrumb":{"@id":"https:\/\/artemanuale.de\/?page_id=1334#breadcrumb"},"inLanguage":"de","potentialAction":[{"@type":"ReadAction","target":["https:\/\/artemanuale.de\/?page_id=1334"]}]},{"@type":"ImageObject","inLanguage":"de","@id":"https:\/\/artemanuale.de\/?page_id=1334#primaryimage","url":"https:\/\/artemanuale.de\/wp-content\/uploads\/2021\/03\/Ueber-mich-2.jpg","contentUrl":"https:\/\/artemanuale.de\/wp-content\/uploads\/2021\/03\/Ueber-mich-2.jpg","width":2270,"height":525},{"@type":"BreadcrumbList","@id":"https:\/\/artemanuale.de\/?page_id=1334#breadcrumb","itemListElement":[{"@type":"ListItem","position":1,"name":"Startseite","item":"https:\/\/artemanuale.de\/"},{"@type":"ListItem","position":2,"name":"Firma und Projekt"}]},{"@type":"WebSite","@id":"https:\/\/artemanuale.de\/#website","url":"https:\/\/artemanuale.de\/","name":"Artemanuale","description":"Malerei \/Bildhauerei \/Raum &amp; Objektgestaltung \/Illustration","publisher":{"@id":"https:\/\/artemanuale.de\/#\/schema\/person\/3fc205648890dad4edcd5ce2c9aee13a"},"potentialAction":[{"@type":"SearchAction","target":{"@type":"EntryPoint","urlTemplate":"https:\/\/artemanuale.de\/?s={search_term_string}"},"query-input":"required name=search_term_string"}],"inLanguage":"de"},{"@type":["Person","Organization"],"@id":"https:\/\/artemanuale.de\/#\/schema\/person\/3fc205648890dad4edcd5ce2c9aee13a","name":"Ulrich Glosauer","image":{"@type":"ImageObject","inLanguage":"de","@id":"https:\/\/artemanuale.de\/#\/schema\/person\/image\/","url":"https:\/\/artemanuale.de\/wp-content\/uploads\/2020\/07\/Profilbild-scaled.jpg","contentUrl":"https:\/\/artemanuale.de\/wp-content\/uploads\/2020\/07\/Profilbild-scaled.jpg","width":2560,"height":2506,"caption":"Ulrich Glosauer"},"logo":{"@id":"https:\/\/artemanuale.de\/#\/schema\/person\/image\/"}}]}},"_links":{"self":[{"href":"https:\/\/artemanuale.de\/index.php?rest_route=\/wp\/v2\/pages\/1334"}],"collection":[{"href":"https:\/\/artemanuale.de\/index.php?rest_route=\/wp\/v2\/pages"}],"about":[{"href":"https:\/\/artemanuale.de\/index.php?rest_route=\/wp\/v2\/types\/page"}],"author":[{"embeddable":true,"href":"https:\/\/artemanuale.de\/index.php?rest_route=\/wp\/v2\/users\/1"}],"replies":[{"embeddable":true,"href":"https:\/\/artemanuale.de\/index.php?rest_route=%2Fwp%2Fv2%2Fcomments&post=1334"}],"version-history":[{"count":103,"href":"https:\/\/artemanuale.de\/index.php?rest_route=\/wp\/v2\/pages\/1334\/revisions"}],"predecessor-version":[{"id":3253,"href":"https:\/\/artemanuale.de\/index.php?rest_route=\/wp\/v2\/pages\/1334\/revisions\/3253"}],"wp:attachment":[{"href":"https:\/\/artemanuale.de\/index.php?rest_route=%2Fwp%2Fv2%2Fmedia&parent=1334"}],"curies":[{"name":"wp","href":"https:\/\/api.w.org\/{rel}","templated":true}]}}